{"id":31,"date":"2014-04-30T19:08:08","date_gmt":"2014-04-30T19:08:08","guid":{"rendered":"http:\/\/www.randischumann.dk\/?page_id=31"},"modified":"2023-01-07T20:47:31","modified_gmt":"2023-01-07T20:47:31","slug":"behandlingsmetoder","status":"publish","type":"page","link":"http:\/\/www.randischumann.dk\/?page_id=31","title":{"rendered":"Behandlingsmetoder"},"content":{"rendered":"<p><span style=\"font-family: trebuchet ms,geneva; font-size: 16px\"><span style=\"font-size: 12pt\">Indsigt<\/span><\/span><span style=\"font-family: trebuchet ms,geneva; font-size: 16px\"> &#8211; <\/span><span style=\"font-family: trebuchet ms,geneva; font-size: 16px\"><span style=\"font-size: 14pt\">redskaber<\/span><\/span><span style=\"font-family: trebuchet ms,geneva; font-size: 16px\"> &#8211; <\/span><span style=\"font-family: trebuchet ms,geneva; font-size: 16px\"><span style=\"font-size: 16pt\">handling<\/span><\/span><\/p>\n<p><span style=\"font-family: 'trebuchet ms', geneva, sans-serif; font-size: 12pt\">Du har selv indflydelse p\u00e5 valg af metode:<\/span><\/p>\n<p><span style=\"font-family: 'trebuchet ms', geneva, sans-serif; font-size: 12pt\">Samtaleterapi<\/span><\/p>\n<ul>\n<li><span style=\"font-family: 'trebuchet ms', geneva, sans-serif; font-size: 12pt\">Kognitiv og l\u00f8snings-fokuseret korttidsterapi<\/span><\/li>\n<li><span style=\"font-family: 'trebuchet ms', geneva, sans-serif; font-size: 12pt\">Mindfulness<\/span><\/li>\n<li><span style=\"font-family: 'trebuchet ms', geneva, sans-serif; font-size: 12pt\">Systemiske principper<\/span><\/li>\n<li><span style=\"font-family: 'trebuchet ms', geneva, sans-serif; font-size: 12pt\">Anerkendende dialog<\/span><\/li>\n<li><span style=\"font-family: 'trebuchet ms', geneva, sans-serif; font-size: 12pt\">Klarl\u00e6gning af udfordringer<\/span><\/li>\n<li><span style=\"font-family: 'trebuchet ms', geneva, sans-serif; font-size: 12pt\">M\u00e5l, \u00f8nsker og behov<\/span><\/li>\n<li><span style=\"font-family: 'trebuchet ms', geneva, sans-serif; font-size: 12pt\">Nutid og fremtid<\/span><\/li>\n<li><span style=\"font-family: 'trebuchet ms', geneva, sans-serif; font-size: 12pt\">Ressourcer og realistiske muligheder<\/span><\/li>\n<li><span style=\"font-family: 'trebuchet ms', geneva, sans-serif; font-size: 12pt\">Indsigt &#8211; redskaber &#8211; handling<\/span><\/li>\n<\/ul>\n<p><span style=\"font-family: 'trebuchet ms', geneva, sans-serif\"><span style=\"font-family: trebuchet ms, geneva, sans-serif\">Samtalerne foreg\u00e5r i fuld fortrolighed og med tavshedspligt.<\/span><\/span><\/p>\n","protected":false},"excerpt":{"rendered":"<p>Indsigt &#8211; redskaber &#8211; handling Du har selv indflydelse p\u00e5 valg af metode: Samtaleterapi Kognitiv og l\u00f8snings-fokuseret korttidsterapi Mindfulness Systemiske principper Anerkendende dialog Klarl\u00e6gning af udfordringer M\u00e5l, \u00f8nsker og behov Nutid og fremtid Ressourcer og realistiske muligheder Indsigt &#8211; redskaber &hellip; <a href=\"http:\/\/www.randischumann.dk\/?page_id=31\">L\u00e6s resten <span class=\"meta-nav\">&rarr;<\/span><\/a><\/p>\n","protected":false},"author":1,"featured_media":0,"parent":0,"menu_order":200,"comment_status":"closed","ping_status":"closed","template":"onecolumn-page.php","meta":{"footnotes":""},"class_list":["post-31","page","type-page","status-publish","hentry"],"_links":{"self":[{"href":"http:\/\/www.randischumann.dk\/index.php?rest_route=\/wp\/v2\/pages\/31","targetHints":{"allow":["GET"]}}],"collection":[{"href":"http:\/\/www.randischumann.dk\/index.php?rest_route=\/wp\/v2\/pages"}],"about":[{"href":"http:\/\/www.randischumann.dk\/index.php?rest_route=\/wp\/v2\/types\/page"}],"author":[{"embeddable":true,"href":"http:\/\/www.randischumann.dk\/index.php?rest_route=\/wp\/v2\/users\/1"}],"replies":[{"embeddable":true,"href":"http:\/\/www.randischumann.dk\/index.php?rest_route=%2Fwp%2Fv2%2Fcomments&post=31"}],"version-history":[{"count":9,"href":"http:\/\/www.randischumann.dk\/index.php?rest_route=\/wp\/v2\/pages\/31\/revisions"}],"predecessor-version":[{"id":157,"href":"http:\/\/www.randischumann.dk\/index.php?rest_route=\/wp\/v2\/pages\/31\/revisions\/157"}],"wp:attachment":[{"href":"http:\/\/www.randischumann.dk\/index.php?rest_route=%2Fwp%2Fv2%2Fmedia&parent=31"}],"curies":[{"name":"wp","href":"https:\/\/api.w.org\/{rel}","templated":true}]}}