{"id":51,"date":"2014-05-04T13:15:29","date_gmt":"2014-05-04T13:15:29","guid":{"rendered":"http:\/\/www.randischumann.dk\/?page_id=51"},"modified":"2025-04-22T16:55:01","modified_gmt":"2025-04-22T16:55:01","slug":"kontakt-2","status":"publish","type":"page","link":"https:\/\/www.randischumann.dk\/?page_id=51","title":{"rendered":"Kontakt"},"content":{"rendered":"<p><span style=\"font-family: trebuchet ms,geneva; font-size: 14px;\"><br \/>\n<\/span><span style=\"font-family: trebuchet ms,geneva; font-size: 14px;\"><span style=\"font-size: 12pt;\"><br \/>\n<\/span><\/span><span style=\"font-family: trebuchet ms,geneva; font-size: 14px;\"><span style=\"font-size: 12pt;\"><a href=\"http:\/\/www.randischumann.dk\/wp-content\/uploads\/2024\/11\/Randi_Lokale.jpg\"><img loading=\"lazy\" decoding=\"async\" class=\"alignright wp-image-171 \" src=\"http:\/\/www.randischumann.dk\/wp-content\/uploads\/2024\/11\/Randi_Lokale.jpg\" alt=\"\" width=\"263\" height=\"197\" \/><\/a><\/span><\/span><span style=\"font-family: 'trebuchet ms', geneva; font-size: 12pt;\">Tid til samtale, Web Konsultation og \u00f8vrige oplysninger kan f\u00e5s ved skriftlig henvendelse:<br \/>\n<\/span><span style=\"font-family: 'trebuchet ms', geneva; font-size: 12pt;\"><strong>SMS til 26 12 40 10 eller mail til <\/strong><\/span><span style=\"font-family: 'trebuchet ms', geneva; font-size: 12pt;\"><strong><a href=\"mailto:randischumann@outlook.dk\" target=\"_blank\" rel=\"noopener noreferrer\">randischumann@outlook.dk<\/a><\/strong><\/span><span style=\"font-family: 'trebuchet ms', geneva; font-size: 12pt;\"><strong><br \/>\n<\/strong><\/span><\/p>\n<p><span style=\"font-family: 'trebuchet ms', geneva; font-size: 12pt;\">Min klinikadresse er:<\/span><\/p>\n<p><span style=\"font-family: 'trebuchet ms', geneva, sans-serif; font-size: 12pt;\">Faxe Sundhedscenter<\/span><br \/>\n<span dir=\"ltr\" style=\"caret-color: #ffffff; font-family: 'trebuchet ms', geneva, sans-serif; font-size: 12pt; font-style: normal; font-variant-caps: normal; font-weight: 400; letter-spacing: normal; text-align: start; text-indent: 0px; text-transform: none; white-space: normal; word-spacing: 0px; -webkit-tap-highlight-color: rgba(26, 26, 26, 0.3); text-size-adjust: auto; -webkit-text-stroke-width: 0px; color: currentcolor;\">Bygning 4, 1. sal<\/span><br \/>\n<span style=\"font-family: 'trebuchet ms', geneva, sans-serif; font-size: 12pt;\">Pr\u00e6st\u00f8vej 78<br \/>\n4640 Faxe<\/span><\/p>\n<p>Jeg holder ogs\u00e5 kurser og foredrag\u00a0andre steder i\u00a0landet efter \u00f8nske.<\/p>\n","protected":false},"excerpt":{"rendered":"<p>Tid til samtale, Web Konsultation og \u00f8vrige oplysninger kan f\u00e5s ved skriftlig henvendelse: SMS til 26 12 40 10 eller mail til randischumann@outlook.dk Min klinikadresse er: Faxe Sundhedscenter Bygning 4, 1. sal Pr\u00e6st\u00f8vej 78 4640 Faxe Jeg holder ogs\u00e5 kurser &hellip; <a href=\"https:\/\/www.randischumann.dk\/?page_id=51\">L\u00e6s resten <span class=\"meta-nav\">&rarr;<\/span><\/a><\/p>\n","protected":false},"author":1,"featured_media":0,"parent":0,"menu_order":400,"comment_status":"closed","ping_status":"closed","template":"onecolumn-page.php","meta":{"footnotes":""},"class_list":["post-51","page","type-page","status-publish","hentry"],"_links":{"self":[{"href":"https:\/\/www.randischumann.dk\/index.php?rest_route=\/wp\/v2\/pages\/51","targetHints":{"allow":["GET"]}}],"collection":[{"href":"https:\/\/www.randischumann.dk\/index.php?rest_route=\/wp\/v2\/pages"}],"about":[{"href":"https:\/\/www.randischumann.dk\/index.php?rest_route=\/wp\/v2\/types\/page"}],"author":[{"embeddable":true,"href":"https:\/\/www.randischumann.dk\/index.php?rest_route=\/wp\/v2\/users\/1"}],"replies":[{"embeddable":true,"href":"https:\/\/www.randischumann.dk\/index.php?rest_route=%2Fwp%2Fv2%2Fcomments&post=51"}],"version-history":[{"count":14,"href":"https:\/\/www.randischumann.dk\/index.php?rest_route=\/wp\/v2\/pages\/51\/revisions"}],"predecessor-version":[{"id":175,"href":"https:\/\/www.randischumann.dk\/index.php?rest_route=\/wp\/v2\/pages\/51\/revisions\/175"}],"wp:attachment":[{"href":"https:\/\/www.randischumann.dk\/index.php?rest_route=%2Fwp%2Fv2%2Fmedia&parent=51"}],"curies":[{"name":"wp","href":"https:\/\/api.w.org\/{rel}","templated":true}]}}